{"id":6098,"date":"2025-12-15T15:47:31","date_gmt":"2025-12-15T14:47:31","guid":{"rendered":"https:\/\/luca-bds.com\/aviso-legal\/"},"modified":"2026-04-07T17:12:59","modified_gmt":"2026-04-07T15:12:59","slug":"aviso-legal","status":"publish","type":"page","link":"https:\/\/www.luca-bds.com\/es\/aviso-legal\/","title":{"rendered":"Aviso legal"},"content":{"rendered":"\t\t<div data-elementor-type=\"wp-page\" data-elementor-id=\"6098\" class=\"elementor elementor-6098 elementor-6068\">\n\t\t\t\t<div class=\"elementor-element elementor-element-46a3d763 e-con-full e-flex e-con e-parent\" data-id=\"46a3d763\" data-element_type=\"container\" data-e-type=\"container\" id=\"home\" data-settings=\"{&quot;background_background&quot;:&quot;classic&quot;}\">\n\t\t\t\t<div class=\"elementor-element elementor-element-2f9d0951 elementor-widget__width-initial animated-fast elementor-invisible elementor-widget elementor-widget-sasi-heading\" data-id=\"2f9d0951\" data-element_type=\"widget\" data-e-type=\"widget\" data-settings=\"{&quot;_animation&quot;:&quot;zoomIn&quot;}\" data-widget_type=\"sasi-heading.default\">\n\t\t\t\t<div class=\"elementor-widget-container\">\n\t\t\t\t\t\t\t<div class=\"sasi-heading\">\r\n\t        \t        <h2 class=\"sasi-heading__title\">Aviso legal<\/h2>\t    <\/div>\r\n\t    \t\t\t\t<\/div>\n\t\t\t\t<\/div>\n\t\t\t\t<div class=\"elementor-element elementor-element-d710fe3 elementor-widget__width-initial elementor-widget elementor-widget-text-editor\" data-id=\"d710fe3\" data-element_type=\"widget\" data-e-type=\"widget\" data-widget_type=\"text-editor.default\">\n\t\t\t\t\t\t\t\t\t<p>De conformidad con la Ley 34\/2002, de 11 de julio, de Servicios de la Sociedad de la Informaci\u00f3n y de Comercio Electr\u00f3nico (LSSI), informamos:<\/p>\t\t\t\t\t\t\t\t<\/div>\n\t\t<div class=\"elementor-element elementor-element-b48d6ad e-flex e-con-boxed e-con e-child\" data-id=\"b48d6ad\" data-element_type=\"container\" data-e-type=\"container\">\n\t\t\t\t\t<div class=\"e-con-inner\">\n\t\t<div class=\"elementor-element elementor-element-8046083 e-con-full e-flex elementor-invisible e-con e-child\" data-id=\"8046083\" data-element_type=\"container\" data-e-type=\"container\" data-settings=\"{&quot;background_background&quot;:&quot;classic&quot;,&quot;animation&quot;:&quot;bounceIn&quot;,&quot;animation_delay&quot;:400}\">\n\t\t<div class=\"elementor-element elementor-element-512304e e-con-full e-flex e-con e-child\" data-id=\"512304e\" data-element_type=\"container\" data-e-type=\"container\">\n\t\t\t\t<div class=\"elementor-element elementor-element-9cc4bfc elementor-widget elementor-widget-heading\" data-id=\"9cc4bfc\" data-element_type=\"widget\" data-e-type=\"widget\" data-widget_type=\"heading.default\">\n\t\t\t\t\t<h3 class=\"elementor-heading-title elementor-size-default\">1. Objetivo<\/h3>\t\t\t\t<\/div>\n\t\t\t\t<div class=\"elementor-element elementor-element-880fabb elementor-widget elementor-widget-text-editor\" data-id=\"880fabb\" data-element_type=\"widget\" data-e-type=\"widget\" data-widget_type=\"text-editor.default\">\n\t\t\t\t\t\t\t\t\t<p>Art. 10 LSSI: <a href=\"https:\/\/luca-bds.com\/\">www.luca-bds.com<\/a> es un dominio de Internet propiedad de <strong>CONSULTING INFORMATICO DE CANTABRIA, S.L.<\/strong>, con domicilio social en Parque Cient\u00edfico y Tecnol\u00f3gico de Cantabria (PCTCAN). c\/Isabel Torres 3, 39011, Santander (Cantabria) y NIF B39361019. La empresa est\u00e1 inscrita en el Registro Mercantil de Santander, tomo 565, folio 79, hoja n\u00ba S-6157, inscripci\u00f3n 1\u00aa.<\/p>\t\t\t\t\t\t\t\t<\/div>\n\t\t\t\t<div class=\"elementor-element elementor-element-17a74d7 elementor-widget elementor-widget-html\" data-id=\"17a74d7\" data-element_type=\"widget\" data-e-type=\"widget\" data-widget_type=\"html.default\">\n\t\t\t\t\t<p>\r\n  A los efectos del presente Aviso legal, puede  \r\n  <a href=\"javascript:callLegal()\" style=\"color: var(--e-global-color-primary);\">llamarnos<\/a> o \r\n  <a href=\"javascript:emailLegal()\" style=\"color: var(--e-global-color-primary);\">escribirnos<\/a> para cualquier consulta relacionada.\r\n<\/p>\r\n\r\n<script>\r\n  function callLegal() {\r\n    var prefix = \"+34\";\r\n    var number = \"942269017\";\r\n    location.href = \"tel:\" + prefix + number;\r\n  }\r\n\r\n  function emailLegal() {\r\n    var user = \"arco\";\r\n    var domain = \"cic.es\";\r\n    location.href = \"mailto:\" + user + \"@\" + domain;\r\n  }\r\n<\/script>\t\t\t\t<\/div>\n\t\t\t\t<div class=\"elementor-element elementor-element-4b0e1da elementor-widget elementor-widget-text-editor\" data-id=\"4b0e1da\" data-element_type=\"widget\" data-e-type=\"widget\" data-widget_type=\"text-editor.default\">\n\t\t\t\t\t\t\t\t\tEl presente aviso legal regula el uso del dominio.\n\nEl uso de este sitio web implica la aceptaci\u00f3n de las condiciones incluidas en este Aviso, as\u00ed como en la <a href=\"\/es\/cookies-policy\/\">Pol\u00edtica de Cookies<\/a> y la <a href=\"https:\/\/www.cic.es\/Politica-de-Privacidad.pdf\">Pol\u00edtica de Protecci\u00f3n de Datos<\/a>. En el caso de determinados servicios, contenidos y\/o herramientas ofrecidos a trav\u00e9s de este sitio web que requieran la aplicaci\u00f3n de condiciones especiales, estas estar\u00e1n a disposici\u00f3n del usuario.\n\nAdem\u00e1s, advierte que tanto el contenido y los servicios de este sitio web como las propias condiciones de uso pueden ser modificados sin previo aviso.\t\t\t\t\t\t\t\t<\/div>\n\t\t\t\t<\/div>\n\t\t<div class=\"elementor-element elementor-element-2fd51ae e-con-full e-flex e-con e-child\" data-id=\"2fd51ae\" data-element_type=\"container\" data-e-type=\"container\">\n\t\t\t\t<div class=\"elementor-element elementor-element-80ac28c elementor-widget elementor-widget-heading\" data-id=\"80ac28c\" data-element_type=\"widget\" data-e-type=\"widget\" data-widget_type=\"heading.default\">\n\t\t\t\t\t<h3 class=\"elementor-heading-title elementor-size-default\">2. Condiciones de uso<\/h3>\t\t\t\t<\/div>\n\t\t\t\t<div class=\"elementor-element elementor-element-41456fd elementor-widget elementor-widget-text-editor\" data-id=\"41456fd\" data-element_type=\"widget\" data-e-type=\"widget\" data-widget_type=\"text-editor.default\">\n\t\t\t\t\t\t\t\t\t<p>El usuario se compromete a proporcionar informaci\u00f3n veraz, precisa y completa sobre su identidad.<\/p><p>Adem\u00e1s, el usuario se compromete a mantener actualizados los datos personales que pudiera facilitar al titular del dominio; por lo tanto, el titular de los datos es el \u00fanico responsable de las falsedades o inexactitudes de los mismos.<\/p><p>En caso de que menores de edad utilicen el sitio web, deber\u00e1n contar con el permiso de sus padres, tutores o representantes legales para acceder a los servicios prestados. <strong>CONSULTING INFORMATICO DE CANTABRIA, S.L<\/strong>. no se hace responsable en caso de datos inexactos o falsos relacionados con este tema.<\/p><p>El sitio web solo puede utilizarse con fines l\u00edcitos; por lo tanto, el usuario se compromete a hacer un uso l\u00edcito y honesto en virtud de las presentes Condiciones de uso, y a no utilizar los servicios del sitio web para conductas contrarias a la legislaci\u00f3n espa\u00f1ola, la moral y el orden p\u00fablico. El usuario asume todas las responsabilidades por los da\u00f1os y perjuicios que puedan derivarse para el titular de este sitio web o para terceros de pr\u00e1cticas ilegales o actividades no permitidas, tales como las siguientes:<\/p><p><\/p><ul class=\"wp-block-list\"><li>Realizar sin previo consentimiento por parte del titular del dominio cualquier manipulaci\u00f3n o alteraci\u00f3n de esta p\u00e1gina, no asumiendo el titular del dominio ninguna responsabilidad que pudiera derivarse, de dicha manipulaci\u00f3n o alteraci\u00f3n por terceros<\/li> <li>Realizar cualquier acto que pueda da\u00f1ar, inutilizar, sobrecargar, o deteriorar el \u00abPortal\u00bb y los servicios y\/o impedir el normal uso y utilizaci\u00f3n por parte de los Usuarios<\/li> <li>Introducir y\/o Utilizar programas de ordenador, datos, archivos defectuosos, virus, c\u00f3digo malicioso, equipos inform\u00e1ticos o de telecomunicaciones o cualquier otro, independientemente de su naturaleza que pueda causar da\u00f1os en el \u00abPortal\u00bb, en cualquiera de los servicios, o en cualesquiera activos (f\u00edsicos o l\u00f3gicos) de los sistemas de informaci\u00f3n de titular del dominio<\/li> <li>Violar los derechos de terceros a la intimidad, la propia imagen, la protecci\u00f3n de datos al secreto en las comunicaciones, a la propiedad intelectual e industrial.<\/li> <li>Ocultar y falsear el origen de mensajes de correo electr\u00f3nico<\/li> <li>Utilizar identidades falsas, suplantar la identidad de otros en la utilizaci\u00f3n del \u00abPortal\u00bb o en la utilizaci\u00f3n de cualquiera de los servicios<\/li> <li>Reproducir, distribuir, modificar o copiar el contenido de esta p\u00e1gina, salvo que de disponga de la autorizaci\u00f3n del titular del dominio o est\u00e9 legalmente autorizado.<\/li> <li>Transmitir a terceros no autorizados los nombres de Usuario y las claves de acceso<\/li><\/ul><p><\/p>\t\t\t\t\t\t\t\t<\/div>\n\t\t\t\t<div class=\"elementor-element elementor-element-c28e02e elementor-widget elementor-widget-text-editor\" data-id=\"c28e02e\" data-element_type=\"widget\" data-e-type=\"widget\" data-widget_type=\"text-editor.default\">\n\t\t\t\t\t\t\t\t\t<p><strong>CONSULTING INFORMATICO DE CANTABRIA, S.L<\/strong>. no se hace responsable de los enlaces a otras p\u00e1ginas web y su existencia no implica que <strong>CONSULTING INFORMATICO DE CANTABRIA, S.L.<\/strong> apruebe o acepte sus contenidos y servicios. Estas otras p\u00e1ginas web no est\u00e1n controladas por <strong>CONSULTING INFORMATICO DE CANTABRIA, S.L.<\/strong> ni est\u00e1n cubiertas por esta Pol\u00edtica de Protecci\u00f3n de Datos. Si accede a otros sitios web utilizando los enlaces proporcionados, los operadores de dichos sitios web pueden recopilar su informaci\u00f3n personal. Aseg\u00farese de que est\u00e1 de acuerdo con las pol\u00edticas de protecci\u00f3n de datos de estos sitios web de terceros antes de proporcionar cualquier informaci\u00f3n personal.<\/p><p>En general, el titular del dominio excluye su responsabilidad por cualquier da\u00f1o que pueda derivarse del uso del sitio web, o que resulte de la infracci\u00f3n de los derechos de propiedad intelectual e industrial por parte de los usuarios y\/o de la falta de veracidad, exactitud y actualidad de los contenidos. Tampoco se podr\u00e1 exigir responsabilidad alguna al titular del dominio por la interrupci\u00f3n de los servicios, operaciones no deseadas o imposibilidad de acceso al servicio.<\/p><p>El titular del dominio no se hace responsable de los da\u00f1os causados por la presencia de virus u otros programas maliciosos que puedan producir alteraciones en el sistema inform\u00e1tico del usuario.<\/p><p>El sitio web, sus programas, dise\u00f1os, logotipos, textos y\/o gr\u00e1ficos son propiedad del proveedor del sitio web o cuentan con la licencia adecuada o la autorizaci\u00f3n expresa de los autores.<\/p><p>Cualquier reproducci\u00f3n total o parcial, uso, explotaci\u00f3n, distribuci\u00f3n y comercializaci\u00f3n requiere siempre la autorizaci\u00f3n previa del titular del dominio.<\/p><p>El usuario se compromete a no realizar ning\u00fan acto contrario a los derechos de propiedad intelectual e industrial del autor.<\/p><p>El proveedor de servicios autoriza a terceros a redirigir directamente a los contenidos espec\u00edficos de este sitio web, pero se debe redirigir al sitio web principal del proveedor.<\/p>\t\t\t\t\t\t\t\t<\/div>\n\t\t\t\t<\/div>\n\t\t<div class=\"elementor-element elementor-element-387fb4a e-con-full e-flex e-con e-child\" data-id=\"387fb4a\" data-element_type=\"container\" data-e-type=\"container\">\n\t\t\t\t<div class=\"elementor-element elementor-element-947716f elementor-widget elementor-widget-heading\" data-id=\"947716f\" data-element_type=\"widget\" data-e-type=\"widget\" data-widget_type=\"heading.default\">\n\t\t\t\t\t<h3 class=\"elementor-heading-title elementor-size-default\">3. Protecci\u00f3n de datos<\/h3>\t\t\t\t<\/div>\n\t\t\t\t<div class=\"elementor-element elementor-element-759c57b elementor-widget elementor-widget-text-editor\" data-id=\"759c57b\" data-element_type=\"widget\" data-e-type=\"widget\" data-widget_type=\"text-editor.default\">\n\t\t\t\t\t\t\t\t\tPuede consultar nuestra pol\u00edtica de protecci\u00f3n de datos en nuestro sitio web: <a href=\"https:\/\/www.cic.es\/Politica-de-Privacidad.pdf\">Pol\u00edtica de protecci\u00f3n de datos.<\/a>\t\t\t\t\t\t\t\t<\/div>\n\t\t\t\t<\/div>\n\t\t<div class=\"elementor-element elementor-element-9c37fc5 e-con-full e-flex e-con e-child\" data-id=\"9c37fc5\" data-element_type=\"container\" data-e-type=\"container\">\n\t\t\t\t<div class=\"elementor-element elementor-element-42a0b11 elementor-widget elementor-widget-heading\" data-id=\"42a0b11\" data-element_type=\"widget\" data-e-type=\"widget\" data-widget_type=\"heading.default\">\n\t\t\t\t\t<h3 class=\"elementor-heading-title elementor-size-default\">4. Uso de cookies<\/h3>\t\t\t\t<\/div>\n\t\t\t\t<div class=\"elementor-element elementor-element-c536f63 elementor-widget elementor-widget-text-editor\" data-id=\"c536f63\" data-element_type=\"widget\" data-e-type=\"widget\" data-widget_type=\"text-editor.default\">\n\t\t\t\t\t\t\t\t\t<strong>CONSULTING INFORM\u00c1TICO DE CANTABRIA, S.L<\/strong>., como titular de este sitio web, declara que utiliza procedimientos autom\u00e1ticos de recogida de datos para mantener un registro de los usuarios que visitan el sitio web. Haga clic aqu\u00ed para acceder a la <a href=\"\/es\/cookies-policy\">Pol\u00edtica de uso de cookies<\/a>.\t\t\t\t\t\t\t\t<\/div>\n\t\t\t\t<\/div>\n\t\t<div class=\"elementor-element elementor-element-877d70b e-con-full e-flex e-con e-child\" data-id=\"877d70b\" data-element_type=\"container\" data-e-type=\"container\">\n\t\t\t\t<div class=\"elementor-element elementor-element-8946a95 elementor-widget elementor-widget-heading\" data-id=\"8946a95\" data-element_type=\"widget\" data-e-type=\"widget\" data-widget_type=\"heading.default\">\n\t\t\t\t\t<h3 class=\"elementor-heading-title elementor-size-default\">5. Ley aplicable<\/h3>\t\t\t\t<\/div>\n\t\t\t\t<div class=\"elementor-element elementor-element-d16a89b elementor-widget elementor-widget-text-editor\" data-id=\"d16a89b\" data-element_type=\"widget\" data-e-type=\"widget\" data-widget_type=\"text-editor.default\">\n\t\t\t\t\t\t\t\t\t<p>Las presentes Condiciones se regir\u00e1n en todo momento por las disposiciones de la legislaci\u00f3n espa\u00f1ola.<\/p>\t\t\t\t\t\t\t\t<\/div>\n\t\t\t\t<\/div>\n\t\t\t\t<\/div>\n\t\t\t\t\t<\/div>\n\t\t\t\t<\/div>\n\t\t\t\t<div class=\"elementor-element elementor-element-10642546 elementor-absolute elementor-view-default elementor-widget elementor-widget-icon\" data-id=\"10642546\" data-element_type=\"widget\" data-e-type=\"widget\" data-settings=\"{&quot;_position&quot;:&quot;absolute&quot;}\" data-widget_type=\"icon.default\">\n\t\t\t\t\t\t\t<div class=\"elementor-icon-wrapper\">\n\t\t\t<div class=\"elementor-icon\">\n\t\t\t\t\t\t<\/div>\n\t\t<\/div>\n\t\t\t\t\t\t<\/div>\n\t\t\t\t<div class=\"elementor-element elementor-element-782b6a52 elementor-absolute elementor-view-default elementor-widget elementor-widget-icon\" data-id=\"782b6a52\" data-element_type=\"widget\" data-e-type=\"widget\" data-settings=\"{&quot;_position&quot;:&quot;absolute&quot;}\" data-widget_type=\"icon.default\">\n\t\t\t\t\t\t\t<div class=\"elementor-icon-wrapper\">\n\t\t\t<div class=\"elementor-icon\">\n\t\t\t\t\t\t<\/div>\n\t\t<\/div>\n\t\t\t\t\t\t<\/div>\n\t\t\t\t<\/div>\n\t\t\t\t<\/div>\n\t\t","protected":false},"excerpt":{"rendered":"<p>Aviso legal De conformidad con la Ley 34\/2002, de 11 de julio, de Servicios de la Sociedad de la Informaci\u00f3n y de Comercio Electr\u00f3nico (LSSI), informamos: 1. Objetivo Art. 10 LSSI: www.luca-bds.com es un dominio de Internet propiedad de CONSULTING INFORMATICO DE CANTABRIA, S.L., con domicilio social en Parque Cient\u00edfico y Tecnol\u00f3gico de Cantabria (PCTCAN). [&hellip;]<\/p>\n","protected":false},"author":2,"featured_media":0,"parent":0,"menu_order":0,"comment_status":"closed","ping_status":"closed","template":"elementor_header_footer","meta":{"footnotes":""},"class_list":["post-6098","page","type-page","status-publish","hentry"],"yoast_head":"<!-- This site is optimized with the Yoast SEO plugin v27.2 - https:\/\/yoast.com\/product\/yoast-seo-wordpress\/ -->\n<title>Aviso legal - LUCA BDS<\/title>\n<meta name=\"robots\" content=\"index, follow, max-snippet:-1, max-image-preview:large, max-video-preview:-1\" \/>\n<link rel=\"canonical\" href=\"https:\/\/www.luca-bds.com\/es\/aviso-legal\/\" \/>\n<meta property=\"og:locale\" content=\"es_ES\" \/>\n<meta property=\"og:type\" content=\"article\" \/>\n<meta property=\"og:title\" content=\"Aviso legal - LUCA BDS\" \/>\n<meta property=\"og:description\" content=\"Aviso legal De conformidad con la Ley 34\/2002, de 11 de julio, de Servicios de la Sociedad de la Informaci\u00f3n y de Comercio Electr\u00f3nico (LSSI), informamos: 1. Objetivo Art. 10 LSSI: www.luca-bds.com es un dominio de Internet propiedad de CONSULTING INFORMATICO DE CANTABRIA, S.L., con domicilio social en Parque Cient\u00edfico y Tecnol\u00f3gico de Cantabria (PCTCAN). [&hellip;]\" \/>\n<meta property=\"og:url\" content=\"https:\/\/www.luca-bds.com\/es\/aviso-legal\/\" \/>\n<meta property=\"og:site_name\" content=\"LUCA BDS\" \/>\n<meta property=\"article:publisher\" content=\"https:\/\/www.facebook.com\/CICConsultingInformatico\" \/>\n<meta property=\"article:modified_time\" content=\"2026-04-07T15:12:59+00:00\" \/>\n<meta name=\"twitter:card\" content=\"summary_large_image\" \/>\n<meta name=\"twitter:site\" content=\"@CICactualidad\" \/>\n<meta name=\"twitter:label1\" content=\"Tiempo de lectura\" \/>\n\t<meta name=\"twitter:data1\" content=\"1 minuto\" \/>\n<script type=\"application\/ld+json\" class=\"yoast-schema-graph\">{\"@context\":\"https:\/\/schema.org\",\"@graph\":[{\"@type\":\"WebPage\",\"@id\":\"https:\/\/www.luca-bds.com\/es\/aviso-legal\/\",\"url\":\"https:\/\/www.luca-bds.com\/es\/aviso-legal\/\",\"name\":\"Aviso legal - LUCA BDS\",\"isPartOf\":{\"@id\":\"https:\/\/www.luca-bds.com\/es\/#website\"},\"datePublished\":\"2025-12-15T14:47:31+00:00\",\"dateModified\":\"2026-04-07T15:12:59+00:00\",\"breadcrumb\":{\"@id\":\"https:\/\/www.luca-bds.com\/es\/aviso-legal\/#breadcrumb\"},\"inLanguage\":\"es\",\"potentialAction\":[{\"@type\":\"ReadAction\",\"target\":[\"https:\/\/www.luca-bds.com\/es\/aviso-legal\/\"]}]},{\"@type\":\"BreadcrumbList\",\"@id\":\"https:\/\/www.luca-bds.com\/es\/aviso-legal\/#breadcrumb\",\"itemListElement\":[{\"@type\":\"ListItem\",\"position\":1,\"name\":\"Home\",\"item\":\"https:\/\/www.luca-bds.com\/es\/\"},{\"@type\":\"ListItem\",\"position\":2,\"name\":\"Aviso legal\"}]},{\"@type\":\"WebSite\",\"@id\":\"https:\/\/www.luca-bds.com\/es\/#website\",\"url\":\"https:\/\/www.luca-bds.com\/es\/\",\"name\":\"LUCA BDS\",\"description\":\"AI-Powered Business Intelligence\",\"publisher\":{\"@id\":\"https:\/\/www.luca-bds.com\/es\/#organization\"},\"potentialAction\":[{\"@type\":\"SearchAction\",\"target\":{\"@type\":\"EntryPoint\",\"urlTemplate\":\"https:\/\/www.luca-bds.com\/es\/?s={search_term_string}\"},\"query-input\":{\"@type\":\"PropertyValueSpecification\",\"valueRequired\":true,\"valueName\":\"search_term_string\"}}],\"inLanguage\":\"es\"},{\"@type\":\"Organization\",\"@id\":\"https:\/\/www.luca-bds.com\/es\/#organization\",\"name\":\"LUCA BDS\",\"url\":\"https:\/\/www.luca-bds.com\/es\/\",\"logo\":{\"@type\":\"ImageObject\",\"inLanguage\":\"es\",\"@id\":\"https:\/\/www.luca-bds.com\/es\/#\/schema\/logo\/image\/\",\"url\":\"https:\/\/www.luca-bds.com\/wp-content\/uploads\/2025\/12\/LUCA_logotipo_blanco-e1764749242393.png\",\"contentUrl\":\"https:\/\/www.luca-bds.com\/wp-content\/uploads\/2025\/12\/LUCA_logotipo_blanco-e1764749242393.png\",\"width\":642,\"height\":284,\"caption\":\"LUCA BDS\"},\"image\":{\"@id\":\"https:\/\/www.luca-bds.com\/es\/#\/schema\/logo\/image\/\"},\"sameAs\":[\"https:\/\/www.facebook.com\/CICConsultingInformatico\",\"https:\/\/x.com\/CICactualidad\",\"https:\/\/www.linkedin.com\/company\/cic-consulting-informatico\/\",\"https:\/\/www.youtube.com\/user\/webmastercic\",\"https:\/\/www.instagram.com\/cicconsultinginformatico\/\"]}]}<\/script>\n<!-- \/ Yoast SEO plugin. -->","yoast_head_json":{"title":"Aviso legal - LUCA BDS","robots":{"index":"index","follow":"follow","max-snippet":"max-snippet:-1","max-image-preview":"max-image-preview:large","max-video-preview":"max-video-preview:-1"},"canonical":"https:\/\/www.luca-bds.com\/es\/aviso-legal\/","og_locale":"es_ES","og_type":"article","og_title":"Aviso legal - LUCA BDS","og_description":"Aviso legal De conformidad con la Ley 34\/2002, de 11 de julio, de Servicios de la Sociedad de la Informaci\u00f3n y de Comercio Electr\u00f3nico (LSSI), informamos: 1. Objetivo Art. 10 LSSI: www.luca-bds.com es un dominio de Internet propiedad de CONSULTING INFORMATICO DE CANTABRIA, S.L., con domicilio social en Parque Cient\u00edfico y Tecnol\u00f3gico de Cantabria (PCTCAN). [&hellip;]","og_url":"https:\/\/www.luca-bds.com\/es\/aviso-legal\/","og_site_name":"LUCA BDS","article_publisher":"https:\/\/www.facebook.com\/CICConsultingInformatico","article_modified_time":"2026-04-07T15:12:59+00:00","twitter_card":"summary_large_image","twitter_site":"@CICactualidad","twitter_misc":{"Tiempo de lectura":"1 minuto"},"schema":{"@context":"https:\/\/schema.org","@graph":[{"@type":"WebPage","@id":"https:\/\/www.luca-bds.com\/es\/aviso-legal\/","url":"https:\/\/www.luca-bds.com\/es\/aviso-legal\/","name":"Aviso legal - LUCA BDS","isPartOf":{"@id":"https:\/\/www.luca-bds.com\/es\/#website"},"datePublished":"2025-12-15T14:47:31+00:00","dateModified":"2026-04-07T15:12:59+00:00","breadcrumb":{"@id":"https:\/\/www.luca-bds.com\/es\/aviso-legal\/#breadcrumb"},"inLanguage":"es","potentialAction":[{"@type":"ReadAction","target":["https:\/\/www.luca-bds.com\/es\/aviso-legal\/"]}]},{"@type":"BreadcrumbList","@id":"https:\/\/www.luca-bds.com\/es\/aviso-legal\/#breadcrumb","itemListElement":[{"@type":"ListItem","position":1,"name":"Home","item":"https:\/\/www.luca-bds.com\/es\/"},{"@type":"ListItem","position":2,"name":"Aviso legal"}]},{"@type":"WebSite","@id":"https:\/\/www.luca-bds.com\/es\/#website","url":"https:\/\/www.luca-bds.com\/es\/","name":"LUCA BDS","description":"AI-Powered Business Intelligence","publisher":{"@id":"https:\/\/www.luca-bds.com\/es\/#organization"},"potentialAction":[{"@type":"SearchAction","target":{"@type":"EntryPoint","urlTemplate":"https:\/\/www.luca-bds.com\/es\/?s={search_term_string}"},"query-input":{"@type":"PropertyValueSpecification","valueRequired":true,"valueName":"search_term_string"}}],"inLanguage":"es"},{"@type":"Organization","@id":"https:\/\/www.luca-bds.com\/es\/#organization","name":"LUCA BDS","url":"https:\/\/www.luca-bds.com\/es\/","logo":{"@type":"ImageObject","inLanguage":"es","@id":"https:\/\/www.luca-bds.com\/es\/#\/schema\/logo\/image\/","url":"https:\/\/www.luca-bds.com\/wp-content\/uploads\/2025\/12\/LUCA_logotipo_blanco-e1764749242393.png","contentUrl":"https:\/\/www.luca-bds.com\/wp-content\/uploads\/2025\/12\/LUCA_logotipo_blanco-e1764749242393.png","width":642,"height":284,"caption":"LUCA BDS"},"image":{"@id":"https:\/\/www.luca-bds.com\/es\/#\/schema\/logo\/image\/"},"sameAs":["https:\/\/www.facebook.com\/CICConsultingInformatico","https:\/\/x.com\/CICactualidad","https:\/\/www.linkedin.com\/company\/cic-consulting-informatico\/","https:\/\/www.youtube.com\/user\/webmastercic","https:\/\/www.instagram.com\/cicconsultinginformatico\/"]}]}},"meta_box":{"page_layout":"full-content","pheader_switch":"0","pheader_bg":"","select_header":"","is_trans":"default","select_header_mobile":"","select_footer":""},"_links":{"self":[{"href":"https:\/\/www.luca-bds.com\/es\/wp-json\/wp\/v2\/pages\/6098","targetHints":{"allow":["GET"]}}],"collection":[{"href":"https:\/\/www.luca-bds.com\/es\/wp-json\/wp\/v2\/pages"}],"about":[{"href":"https:\/\/www.luca-bds.com\/es\/wp-json\/wp\/v2\/types\/page"}],"author":[{"embeddable":true,"href":"https:\/\/www.luca-bds.com\/es\/wp-json\/wp\/v2\/users\/2"}],"replies":[{"embeddable":true,"href":"https:\/\/www.luca-bds.com\/es\/wp-json\/wp\/v2\/comments?post=6098"}],"version-history":[{"count":26,"href":"https:\/\/www.luca-bds.com\/es\/wp-json\/wp\/v2\/pages\/6098\/revisions"}],"predecessor-version":[{"id":7798,"href":"https:\/\/www.luca-bds.com\/es\/wp-json\/wp\/v2\/pages\/6098\/revisions\/7798"}],"wp:attachment":[{"href":"https:\/\/www.luca-bds.com\/es\/wp-json\/wp\/v2\/media?parent=6098"}],"curies":[{"name":"wp","href":"https:\/\/api.w.org\/{rel}","templated":true}]}}